{"id":7216,"date":"2020-11-30T17:23:44","date_gmt":"2020-11-30T15:23:44","guid":{"rendered":"https:\/\/andorinart.com\/?post_type=product&#038;p=7216"},"modified":"2022-02-12T14:36:56","modified_gmt":"2022-02-12T12:36:56","slug":"boho-style-beaded-bracelet-horus","status":"publish","type":"product","link":"https:\/\/andorinart.com\/en\/bracelets\/boho-style-beaded-bracelet-horus\/","title":{"rendered":"Boho style beaded bracelet &#8220;Horus&#8221;"},"content":{"rendered":"<p><strong>Recomendaciones:<\/strong><\/p>\n<ul>\n<li>No introducir en la ducha o el ba\u00f1o. Tanto la cer\u00e1mica como el metal pueden perder su color y brillo natural.<\/li>\n<li>Cuidado con algunos perfumes, alcoholes y parafinas ya que pueden deteriorar el brillo o color de las cuentas.<\/li>\n<li>La fibra de nailon el\u00e1stica tiende a volver a su forma original pero es normal que con el uso pueda llegar a ceder ligeramente.<\/li>\n<\/ul>\n<p>Esta pulsera de cuentas de estilo boho y dise\u00f1o exclusivo con piezas de cer\u00e1mica y lat\u00f3n forma parte de la colecci\u00f3n <a href=\"https:\/\/andorinart.com\/colecciones\/tesoros-del-mundo-antiguo\/\" target=\"_blank\" rel=\"noopener\">Tesoros del Mundo Antiguo<\/a> de Andorinart\u00ae.<\/p>\n<p>Todos los productos de esta tienda son de fabricaci\u00f3n artesanal y dise\u00f1o exclusivo de Andorinart\u00ae.<\/p>\n<p>Bisuter\u00eda bohemia Artesanal.<\/p>\n","protected":false},"excerpt":{"rendered":"<p>It is an exclusive design &amp; boho style beaded bracelet. This powerful bracelet gives off a lot of energy and strength thanks to its vibrant and energetic colours that evoke the evening sun.<\/p>\n<p>The boho hippy style of &#8220;Horus&#8221; is cheerful and rejuvenating, perfect for any season. Combine it with neutral coloured outfits and add a little colour to grey days.<\/p>\n<p>Horus was one of the oldest and most powerful deity, in the Egyptian pantheon. He had the power to project solar energy through his helmet and his life force known as the Ka. He was considered the celestial god of Egypt.<br \/>\nIn one of the many battles against his uncle Seth to avenge the murder of his father Osiris, Horus lost his left eye, later replaced by the Udyat, better known as the &#8220;Eye of Horus&#8221;.<\/p>\n","protected":false},"featured_media":9242,"comment_status":"open","ping_status":"closed","template":"","meta":{"_joinchat":[]},"product_cat":[129,19,124],"product_tag":[],"giftcard-category":[],"yoast_head":"<!-- This site is optimized with the Yoast SEO plugin v20.6 - https:\/\/yoast.com\/wordpress\/plugins\/seo\/ -->\n<title>Boho style beaded bracelet &quot;Horus&quot; - Andorinart<\/title>\n<meta name=\"description\" content=\"It is an exclusive design and boho style beaded bracelet with ceramic and brass beads. Bohemian costume jewellery. - Por Andorinart \u00ae\" \/>\n<meta name=\"robots\" content=\"index, follow, max-snippet:-1, max-image-preview:large, max-video-preview:-1\" \/>\n<link rel=\"canonical\" href=\"https:\/\/andorinart.com\/en\/bracelets\/boho-style-beaded-bracelet-horus\/\" \/>\n<meta property=\"og:locale\" content=\"en_US\" \/>\n<meta property=\"og:type\" content=\"article\" \/>\n<meta property=\"og:title\" content=\"Boho style beaded bracelet &quot;Horus&quot; - Andorinart\" \/>\n<meta property=\"og:description\" content=\"It is an exclusive design and boho style beaded bracelet with ceramic and brass beads. Bohemian costume jewellery. - Por Andorinart \u00ae\" \/>\n<meta property=\"og:url\" content=\"https:\/\/andorinart.com\/en\/bracelets\/boho-style-beaded-bracelet-horus\/\" \/>\n<meta property=\"og:site_name\" content=\"Andorinart\" \/>\n<meta property=\"article:modified_time\" content=\"2022-02-12T12:36:56+00:00\" \/>\n<meta property=\"og:image\" content=\"https:\/\/andorinart.com\/en\/wp-content\/uploads\/sites\/2\/2021\/01\/pulsera-de-cuentas-de-ceramica-estilo-boho-horus.jpg\" \/>\n\t<meta property=\"og:image:width\" content=\"768\" \/>\n\t<meta property=\"og:image:height\" content=\"512\" \/>\n\t<meta property=\"og:image:type\" content=\"image\/jpeg\" \/>\n<meta name=\"twitter:card\" content=\"summary_large_image\" \/>\n<meta name=\"twitter:label1\" content=\"Availability\" \/>\n\t<meta name=\"twitter:data1\" content=\"In stock\" \/>\n<script type=\"application\/ld+json\" class=\"yoast-schema-graph\">{\"@context\":\"https:\/\/schema.org\",\"@graph\":[{\"@type\":\"WebPage\",\"@id\":\"https:\/\/andorinart.com\/en\/bracelets\/boho-style-beaded-bracelet-horus\/\",\"url\":\"https:\/\/andorinart.com\/en\/bracelets\/boho-style-beaded-bracelet-horus\/\",\"name\":\"Boho style beaded bracelet \\\"Horus\\\" - Andorinart\",\"isPartOf\":{\"@id\":\"https:\/\/andorinart.com\/en\/#website\"},\"datePublished\":\"2020-11-30T15:23:44+00:00\",\"dateModified\":\"2022-02-12T12:36:56+00:00\",\"description\":\"It is an exclusive design and boho style beaded bracelet with ceramic and brass beads. Bohemian costume jewellery. - Por Andorinart \u00ae\",\"breadcrumb\":{\"@id\":\"https:\/\/andorinart.com\/en\/bracelets\/boho-style-beaded-bracelet-horus\/#breadcrumb\"},\"inLanguage\":\"en-US\",\"potentialAction\":[{\"@type\":\"ReadAction\",\"target\":[\"https:\/\/andorinart.com\/en\/bracelets\/boho-style-beaded-bracelet-horus\/\"]}]},{\"@type\":\"BreadcrumbList\",\"@id\":\"https:\/\/andorinart.com\/en\/bracelets\/boho-style-beaded-bracelet-horus\/#breadcrumb\",\"itemListElement\":[{\"@type\":\"ListItem\",\"position\":1,\"name\":\"Portada\",\"item\":\"https:\/\/andorinart.com\/en\/\"},{\"@type\":\"ListItem\",\"position\":2,\"name\":\"Andorinart\u00ae &#8211; online shop\",\"item\":\"https:\/\/andorinart.com\/en\/\"},{\"@type\":\"ListItem\",\"position\":3,\"name\":\"Boho style beaded bracelet &#8220;Horus&#8221;\"}]},{\"@type\":\"WebSite\",\"@id\":\"https:\/\/andorinart.com\/en\/#website\",\"url\":\"https:\/\/andorinart.com\/en\/\",\"name\":\"Andorinart\",\"description\":\"Productos hechos a mano cuidadosamente en Espa\u00f1a con estilo casual y boho.\",\"potentialAction\":[{\"@type\":\"SearchAction\",\"target\":{\"@type\":\"EntryPoint\",\"urlTemplate\":\"https:\/\/andorinart.com\/en\/?s={search_term_string}\"},\"query-input\":\"required name=search_term_string\"}],\"inLanguage\":\"en-US\"}]}<\/script>\n<meta property=\"og:availability\" content=\"instock\" \/>\n<meta property=\"product:availability\" content=\"instock\" \/>\n<meta property=\"product:retailer_item_id\" content=\"20PULHOR1\" \/>\n<meta property=\"product:condition\" content=\"new\" \/>\n<!-- \/ Yoast SEO plugin. -->","yoast_head_json":{"title":"Boho style beaded bracelet \"Horus\" - Andorinart","description":"It is an exclusive design and boho style beaded bracelet with ceramic and brass beads. Bohemian costume jewellery. - Por Andorinart \u00ae","robots":{"index":"index","follow":"follow","max-snippet":"max-snippet:-1","max-image-preview":"max-image-preview:large","max-video-preview":"max-video-preview:-1"},"canonical":"https:\/\/andorinart.com\/en\/bracelets\/boho-style-beaded-bracelet-horus\/","og_locale":"en_US","og_type":"article","og_title":"Boho style beaded bracelet \"Horus\" - Andorinart","og_description":"It is an exclusive design and boho style beaded bracelet with ceramic and brass beads. Bohemian costume jewellery. - Por Andorinart \u00ae","og_url":"https:\/\/andorinart.com\/en\/bracelets\/boho-style-beaded-bracelet-horus\/","og_site_name":"Andorinart","article_modified_time":"2022-02-12T12:36:56+00:00","og_image":[{"width":768,"height":512,"url":"https:\/\/andorinart.com\/en\/wp-content\/uploads\/sites\/2\/2021\/01\/pulsera-de-cuentas-de-ceramica-estilo-boho-horus.jpg","type":"image\/jpeg"}],"twitter_card":"summary_large_image","twitter_misc":{"Availability":"In stock"},"schema":{"@context":"https:\/\/schema.org","@graph":[{"@type":"WebPage","@id":"https:\/\/andorinart.com\/en\/bracelets\/boho-style-beaded-bracelet-horus\/","url":"https:\/\/andorinart.com\/en\/bracelets\/boho-style-beaded-bracelet-horus\/","name":"Boho style beaded bracelet \"Horus\" - Andorinart","isPartOf":{"@id":"https:\/\/andorinart.com\/en\/#website"},"datePublished":"2020-11-30T15:23:44+00:00","dateModified":"2022-02-12T12:36:56+00:00","description":"It is an exclusive design and boho style beaded bracelet with ceramic and brass beads. Bohemian costume jewellery. - Por Andorinart \u00ae","breadcrumb":{"@id":"https:\/\/andorinart.com\/en\/bracelets\/boho-style-beaded-bracelet-horus\/#breadcrumb"},"inLanguage":"en-US","potentialAction":[{"@type":"ReadAction","target":["https:\/\/andorinart.com\/en\/bracelets\/boho-style-beaded-bracelet-horus\/"]}]},{"@type":"BreadcrumbList","@id":"https:\/\/andorinart.com\/en\/bracelets\/boho-style-beaded-bracelet-horus\/#breadcrumb","itemListElement":[{"@type":"ListItem","position":1,"name":"Portada","item":"https:\/\/andorinart.com\/en\/"},{"@type":"ListItem","position":2,"name":"Andorinart\u00ae &#8211; online shop","item":"https:\/\/andorinart.com\/en\/"},{"@type":"ListItem","position":3,"name":"Boho style beaded bracelet &#8220;Horus&#8221;"}]},{"@type":"WebSite","@id":"https:\/\/andorinart.com\/en\/#website","url":"https:\/\/andorinart.com\/en\/","name":"Andorinart","description":"Productos hechos a mano cuidadosamente en Espa\u00f1a con estilo casual y boho.","potentialAction":[{"@type":"SearchAction","target":{"@type":"EntryPoint","urlTemplate":"https:\/\/andorinart.com\/en\/?s={search_term_string}"},"query-input":"required name=search_term_string"}],"inLanguage":"en-US"}]},"og_availability":"instock","product_availability":"instock","product_retailer_item_id":"20PULHOR1","product_condition":"new"},"_links":{"self":[{"href":"https:\/\/andorinart.com\/en\/wp-json\/wp\/v3\/product\/7216"}],"collection":[{"href":"https:\/\/andorinart.com\/en\/wp-json\/wp\/v3\/product"}],"about":[{"href":"https:\/\/andorinart.com\/en\/wp-json\/wp\/v2\/types\/product"}],"replies":[{"embeddable":true,"href":"https:\/\/andorinart.com\/en\/wp-json\/wp\/v2\/comments?post=7216"}],"version-history":[{"count":18,"href":"https:\/\/andorinart.com\/en\/wp-json\/wp\/v3\/product\/7216\/revisions"}],"predecessor-version":[{"id":11883,"href":"https:\/\/andorinart.com\/en\/wp-json\/wp\/v3\/product\/7216\/revisions\/11883"}],"wp:featuredmedia":[{"embeddable":true,"href":"https:\/\/andorinart.com\/en\/wp-json\/wp\/v2\/media\/9242"}],"wp:attachment":[{"href":"https:\/\/andorinart.com\/en\/wp-json\/wp\/v2\/media?parent=7216"}],"wp:term":[{"taxonomy":"product_cat","embeddable":true,"href":"https:\/\/andorinart.com\/en\/wp-json\/wp\/v2\/product_cat?post=7216"},{"taxonomy":"product_tag","embeddable":true,"href":"https:\/\/andorinart.com\/en\/wp-json\/wp\/v2\/product_tag?post=7216"},{"taxonomy":"giftcard-category","embeddable":true,"href":"https:\/\/andorinart.com\/en\/wp-json\/wp\/v2\/giftcard-category?post=7216"}],"curies":[{"name":"wp","href":"https:\/\/api.w.org\/{rel}","templated":true}]}}